{"id":804,"date":"2023-01-05T19:20:33","date_gmt":"2023-01-06T00:20:33","guid":{"rendered":"https:\/\/testsecours.com\/contact-us\/"},"modified":"2023-01-18T16:56:35","modified_gmt":"2023-01-18T21:56:35","slug":"contact-us","status":"publish","type":"page","link":"https:\/\/testsecours.com\/en\/contact-us\/","title":{"rendered":"Contact Us"},"content":{"rendered":"<p><img decoding=\"async\" data-src=\"\/wp-content\/uploads\/2022\/11\/blog-post-the-ultimate-guide-to-performance-testing-intro-1024x630-1.jpg\" alt=\"\" src=\"data:image\/svg+xml;base64,PHN2ZyB3aWR0aD0iMSIgaGVpZ2h0PSIxIiB4bWxucz0iaHR0cDovL3d3dy53My5vcmcvMjAwMC9zdmciPjwvc3ZnPg==\" class=\"lazyload\" style=\"--smush-placeholder-width: 1024px; --smush-placeholder-aspect-ratio: 1024\/630;\"><\/p>\n<div>\n<h2>Why hesitate?<\/h2>\n<\/div>\n<h1>Questions, Comments or else<\/p>\n<div><\/div>\n<\/h1>\n<div>\n<div class=\"forminator-ui forminator-custom-form forminator-custom-form-834 forminator-design--material  forminator_ajax\" data-forminator-render=\"0\" data-form=\"forminator-module-834\" data-uid=\"69ece05e4df63\"><br\/><\/div><form\r\n\t\t\t\tid=\"forminator-module-834\"\r\n\t\t\t\tclass=\"forminator-ui forminator-custom-form forminator-custom-form-834 forminator-design--material  forminator_ajax\"\r\n\t\t\t\tmethod=\"post\"\r\n\t\t\t\tdata-forminator-render=\"0\"\r\n\t\t\t\tdata-form-id=\"834\"\r\n\t\t\t\t data-color-option=\"default\" data-design=\"material\" data-grid=\"open\" style=\"display: none;\"\r\n\t\t\t\tdata-uid=\"69ece05e4df63\"\r\n\t\t\t><div role=\"alert\" aria-live=\"polite\" class=\"forminator-response-message forminator-error\" aria-hidden=\"true\"><\/div><div class=\"forminator-row\"><div id=\"name-1\" class=\"forminator-field-name forminator-col forminator-col-12 \"><div class=\"forminator-row forminator-no-margin\" data-multiple=\"true\"><div class=\"forminator-col forminator-col-md-6\"><div class=\"forminator-field\"><label for=\"forminator-field-first-name-1_69ece05e4df63\" id=\"forminator-field-first-name-1_69ece05e4df63-label\" class=\"forminator-label\">First Name<\/label><input type=\"text\" name=\"name-1-first-name\" placeholder=\"E.g. John\" id=\"forminator-field-first-name-1_69ece05e4df63\" class=\"forminator-input\" aria-required=\"false\" data-multi=\"1\" autocomplete=\"given-name\" value=\"\" \/><\/div><\/div><div class=\"forminator-col forminator-col-md-6\"><div class=\"forminator-field\"><label for=\"forminator-field-last-name-1_69ece05e4df63\" id=\"forminator-field-last-name-1_69ece05e4df63-label\" class=\"forminator-label\">Last Name<\/label><input type=\"text\" name=\"name-1-last-name\" placeholder=\"E.g. Doe\" id=\"forminator-field-last-name-1_69ece05e4df63\" class=\"forminator-input\" aria-required=\"false\" data-multi=\"1\" autocomplete=\"family-name\" value=\"\" \/><\/div><\/div><\/div><\/div><\/div><div class=\"forminator-row\"><div id=\"email-1\" class=\"forminator-field-email forminator-col forminator-col-12 \"><div class=\"forminator-field\"><label for=\"forminator-field-email-1_69ece05e4df63\" id=\"forminator-field-email-1_69ece05e4df63-label\" class=\"forminator-label\">email <span class=\"forminator-required\">*<\/span><\/label><input type=\"email\" name=\"email-1\" value=\"\" placeholder=\"E.g. john@doe.com\" id=\"forminator-field-email-1_69ece05e4df63\" class=\"forminator-input forminator-email--field\" data-required=\"true\" aria-required=\"true\" autocomplete=\"email\" \/><\/div><\/div><\/div><div class=\"forminator-row\"><div id=\"phone-1\" class=\"forminator-field-phone forminator-col forminator-col-12 \"><div class=\"forminator-field\"><label for=\"forminator-field-phone-1_69ece05e4df63\" id=\"forminator-field-phone-1_69ece05e4df63-label\" class=\"forminator-label\">Phone<\/label><input type=\"text\" name=\"phone-1\" value=\"\" placeholder=\"E.g. +1 3004005000\" id=\"forminator-field-phone-1_69ece05e4df63\" class=\"forminator-input forminator-field--phone\" data-required=\"\" aria-required=\"false\" autocomplete=\"off\" \/><\/div><\/div><\/div><div class=\"forminator-row\"><div id=\"textarea-1\" class=\"forminator-field-textarea forminator-col forminator-col-12 \"><div class=\"forminator-field\"><label for=\"forminator-field-textarea-1_69ece05e4df63\" id=\"forminator-field-textarea-1_69ece05e4df63-label\" class=\"forminator-label\">Message<\/label><textarea name=\"textarea-1\" placeholder=\"Sois le plus pr\u00e9cis possible afin d&#039;acc\u00e9l\u00e9rer le traitement de ta demande.\" id=\"forminator-field-textarea-1_69ece05e4df63\" class=\"forminator-textarea\" rows=\"6\" style=\"--forminator-textarea-min-height:140px;\" maxlength=\"180\" ><\/textarea><span id=\"forminator-field-textarea-1_69ece05e4df63-description\" class=\"forminator-description\"><span data-limit=\"180\" data-type=\"characters\" data-editor=\"\">0 \/ 180<\/span><\/span><\/div><\/div><\/div><div class=\"forminator-row\" style=\"margin: 0;\"><div id=\"captcha-1\" class=\"forminator-field-captcha  forminator-col-12 \"><div class=\"forminator-captcha-left forminator-g-recaptcha recaptcha-invisible\" data-theme=\"light\" data-badge=\"bottomright\" data-sitekey=\"6LeVydkkAAAAAEarIQpCveUZWuKKS6_TqOg61UiE\" data-size=\"invisible\"><\/div> <\/div><\/div><input type=\"hidden\" name=\"referer_url\" value=\"\" \/><div class=\"forminator-row forminator-row-last\"><div class=\"forminator-col\"><div class=\"forminator-field\"><button class=\"forminator-button forminator-button-submit\"><span>Send the message<\/span><span aria-hidden=\"true\"><\/span><\/button><\/div><\/div><\/div><input type=\"hidden\" id=\"forminator_nonce\" name=\"forminator_nonce\" value=\"320b0db73f\" \/><input type=\"hidden\" name=\"_wp_http_referer\" value=\"\/en\/wp-json\/wp\/v2\/pages\/804\" \/><input type=\"hidden\" name=\"form_id\" value=\"834\"><input type=\"hidden\" name=\"page_id\" value=\"804\"><input type=\"hidden\" name=\"form_type\" value=\"default\"><input type=\"hidden\" name=\"current_url\" value=\"https:\/\/testsecours.com\/en\/contact-us\/\"><input type=\"hidden\" name=\"render_id\" value=\"0\"><input type=\"hidden\" name=\"action\" value=\"forminator_submit_form_custom-forms\"><\/form>\n<\/div>\n<ul>\n<li><a href=\"https:\/\/facebook.com\/testsecours\">facebook<\/a>\n<\/li>\n<li><a href=\"https:\/\/www.instagram.com\/testsecours2\">instagram<\/a>\n<\/li>\n<\/ul>\n<p><!--more--><br \/>\n<!-- {\"type\":\"layout\",\"children\":[{\"type\":\"section\",\"props\":{\"header_transparent\":\"dark\",\"header_transparent_noplaceholder\":false,\"height\":\"full\",\"image_position\":\"center-center\",\"overlap\":false,\"padding_remove_bottom\":false,\"padding_remove_top\":false,\"style\":\"default\",\"title_breakpoint\":\"xl\",\"title_position\":\"top-left\",\"title_rotation\":\"left\",\"vertical_align\":\"middle\",\"width\":\"\"},\"children\":[{\"type\":\"row\",\"props\":{\"layout\":\"1-5,1-5,3-5|1-2,1-2,1-1\",\"margin\":\"remove-vertical\",\"row_gap\":\"collapse\"},\"children\":[{\"type\":\"column\",\"props\":{\"class\":\"\",\"image_position\":\"center-center\",\"media_overlay_gradient\":\"\",\"position_sticky_breakpoint\":\"m\",\"vertical_align\":\"bottom\",\"width_default\":\"1-5\",\"width_medium\":\"\",\"width_small\":\"\"},\"children\":[]},{\"type\":\"column\",\"props\":{\"image_position\":\"center-center\",\"media_overlay_gradient\":\"\",\"position_sticky_breakpoint\":\"m\",\"width_default\":\"1-5\",\"width_medium\":\"\",\"width_small\":\"\"},\"children\":[]},{\"type\":\"column\",\"props\":{\"image_position\":\"center-center\",\"media_overlay_gradient\":\"\",\"position_sticky_breakpoint\":\"m\",\"width_default\":\"expand\",\"width_medium\":\"\",\"width_small\":\"\"},\"children\":[]}]},{\"type\":\"row\",\"children\":[{\"type\":\"column\",\"props\":{\"image_position\":\"center-center\",\"media_overlay_gradient\":\"\",\"position_sticky_breakpoint\":\"m\",\"width_medium\":\"2-5\",\"width_small\":\"\"},\"children\":[{\"type\":\"image\",\"props\":{\"image\":\"wp-content\\\/uploads\\\/2022\\\/11\\\/blog-post-the-ultimate-guide-to-performance-testing-intro-1024x630-1.jpg\",\"image_svg_color\":\"emphasis\",\"margin\":\"default\"}}]},{\"type\":\"column\",\"props\":{\"image_position\":\"center-center\",\"media_overlay_gradient\":\"\",\"position_sticky_breakpoint\":\"m\",\"width_medium\":\"3-5\",\"width_small\":\"\"},\"children\":[{\"type\":\"headline\",\"props\":{\"content\":\"\n\n<h2>Why hesitate?<\\\/h2>\",\"maxwidth\":\"large\",\"title_color\":\"primary\",\"title_element\":\"div\",\"title_style\":\"h6\"}},{\"type\":\"headline\",\"props\":{\"content\":\"Questions, Comments or else\\n\n\n<div><\\\/div>\",\"margin\":\"medium\",\"margin_remove_top\":false,\"maxwidth\":\"xlarge\",\"title_element\":\"h1\",\"title_style\":\"heading-small\"}},{\"type\":\"text\",\"props\":{\"column_breakpoint\":\"m\",\"content\":\"\n\n<p>[forminator_form id=\\\"834\\\"]<\\\/p>\",\"margin\":\"default\"}},{\"type\":\"social\",\"props\":{\"class\":\"uk-display-inline-block uk-position-center-right uk-margin-medium-right uk-z-index\",\"grid\":\"vertical\",\"grid_gap\":\"small\",\"grid_vertical_breakpoint\":\"\",\"link_style\":\"button\",\"link_target\":true,\"margin\":\"default\",\"margin_remove_top\":true,\"position_z_index\":\"1\",\"text_align\":\"right\",\"visibility\":\"xl\"},\"children\":[{\"type\":\"social_item\",\"props\":{\"link\":\"https:\\\/\\\/facebook.com\\\/testsecours\"}},{\"type\":\"social_item\",\"props\":{\"link\":\"https:\\\/\\\/www.instagram.com\\\/testsecours2\"}}],\"modified\":\"2021-10-14T09:25:21.470Z\",\"name\":\"Socials\"}]}],\"props\":{\"column_gap\":\"large\",\"layout\":\"2-5,3-5\",\"margin\":\"remove-vertical\",\"margin_remove_bottom\":true,\"width\":\"default\"}}],\"name\":\"Contact\",\"modified\":\"2021-10-14T12:35:53.841Z\"}],\"version\":\"3.0.21\"} --><\/p>\n","protected":false},"excerpt":{"rendered":"<p>Why hesitate? Questions, Comments or else facebook instagram<\/p>\n","protected":false},"author":2,"featured_media":0,"parent":0,"menu_order":0,"comment_status":"closed","ping_status":"closed","template":"","meta":{"footnotes":""},"class_list":["post-804","page","type-page","status-publish","hentry"],"_links":{"self":[{"href":"https:\/\/testsecours.com\/en\/wp-json\/wp\/v2\/pages\/804","targetHints":{"allow":["GET"]}}],"collection":[{"href":"https:\/\/testsecours.com\/en\/wp-json\/wp\/v2\/pages"}],"about":[{"href":"https:\/\/testsecours.com\/en\/wp-json\/wp\/v2\/types\/page"}],"author":[{"embeddable":true,"href":"https:\/\/testsecours.com\/en\/wp-json\/wp\/v2\/users\/2"}],"replies":[{"embeddable":true,"href":"https:\/\/testsecours.com\/en\/wp-json\/wp\/v2\/comments?post=804"}],"version-history":[{"count":0,"href":"https:\/\/testsecours.com\/en\/wp-json\/wp\/v2\/pages\/804\/revisions"}],"wp:attachment":[{"href":"https:\/\/testsecours.com\/en\/wp-json\/wp\/v2\/media?parent=804"}],"curies":[{"name":"wp","href":"https:\/\/api.w.org\/{rel}","templated":true}]}}